{"id":2275,"date":"2025-01-22T05:39:17","date_gmt":"2025-01-22T05:39:17","guid":{"rendered":"https:\/\/www.iceem.tuiasi.ro\/?page_id=2275"},"modified":"2025-01-22T05:39:24","modified_gmt":"2025-01-22T05:39:24","slug":"hector-valdes","status":"publish","type":"page","link":"https:\/\/www.iceem.tuiasi.ro\/?page_id=2275","title":{"rendered":"Prof.dr. H\u00e9ctor Vald\u00e9s"},"content":{"rendered":"\n<div class=\"wp-block-group alignwide has-tertiary-background-color has-background is-layout-constrained wp-block-group-is-layout-constrained\">\n<h2 class=\"wp-block-heading\"><\/h2>\n\n\n\n<h5 class=\"wp-block-heading\">Universidad Cat\u00f3lica de la Sant\u00edsima Concepci\u00f3n, Chile<\/h5>\n\n\n\n<div class=\"wp-block-columns alignwide is-layout-flex wp-container-core-columns-is-layout-1 wp-block-columns-is-layout-flex\">\n<div class=\"wp-block-column is-layout-flow wp-block-column-is-layout-flow\" style=\"flex-basis:30%\">\n<figure class=\"wp-block-image size-full\"><img loading=\"lazy\" decoding=\"async\" width=\"263\" height=\"263\" src=\"https:\/\/www.iceem.tuiasi.ro\/wp-content\/uploads\/Valdes.jpg\" alt=\"\" class=\"wp-image-2276\" srcset=\"https:\/\/www.iceem.tuiasi.ro\/wp-content\/uploads\/Valdes.jpg 263w, https:\/\/www.iceem.tuiasi.ro\/wp-content\/uploads\/Valdes-150x150.jpg 150w\" sizes=\"(max-width: 263px) 100vw, 263px\" \/><\/figure>\n<\/div>\n\n\n\n<div class=\"wp-block-column is-layout-flow wp-block-column-is-layout-flow\">\n<p>H\u00e9ctor Vald\u00e9s is a full professor at <em>Universidad Cat\u00f3lica de la Sant\u00edsima Concepci\u00f3n<\/em>. He is currently the Director of the Industrial Engineering Department and Director of the Clean Technologies Laboratory. He received his PhD in Chemical Engineering at the Universidad de Concepci\u00f3n, Chile in 2003. <\/p>\n\n\n\n<p>His main research areas are related to the development of new technologies for the control of air pollution, unconventional technologies for wastewater treatment and postharvest technologies for ethylene control during transportation and storage of fruit and vegetables. <\/p>\n\n\n\n<p>Prof. Vald\u00e9s is the author of 107 Scopus articles, with 2.761 citations and H-index 27. He has 2 invention patents. He has been awarded with 18 FONDECYT project grants, 1 FONDEF project grant, an ECOS-CONICYT project. He is a permanent reviewer of 15 WoS journals. He is a member of the Evaluation Group (Engineering 3), in charge of evaluating the research proposals submitted to the Research Projects Subdirectorate (SPI-FONDECYT) of the Chilean National Agency for Research and Development (ANID). Currently, he is Associate Editor of the journal <em>Ozone: Science &amp; Engineering<\/em>.<\/p>\n\n\n\n<p><\/p>\n\n\n\n<p>Prof. Vald\u00e9s will contribute at ICEEM13 a keynote lecture in the field of novel processes and technologies titled:<br><strong>Recent advances in photocatalytic materials to prolong the shelf-life of climacteric fruits<br><\/strong>&lt;<a href=\"https:\/\/www.iceem.tuiasi.ro\/?page_id=144\" data-type=\"page\" data-id=\"144\">Back to Keynote lectures<\/a>>&lt;<a href=\"https:\/\/www.iceem.tuiasi.ro\/\" data-type=\"page\" data-id=\"48\">home<\/a>><\/p>\n<\/div>\n<\/div>\n\n\n\n<div style=\"height:40px\" aria-hidden=\"true\" class=\"wp-block-spacer\"><\/div>\n<\/div>\n","protected":false},"excerpt":{"rendered":"<p>Universidad Cat\u00f3lica de la Sant\u00edsima Concepci\u00f3n, Chile H\u00e9ctor Vald\u00e9s is a full professor at Universidad Cat\u00f3lica de la Sant\u00edsima Concepci\u00f3n. He is currently the Director of the Industrial Engineering Department and Director of the Clean Technologies Laboratory. He received his PhD in Chemical Engineering at the Universidad de Concepci\u00f3n, Chile in 2003. His main research [&hellip;]<\/p>\n","protected":false},"author":3,"featured_media":0,"parent":144,"menu_order":6,"comment_status":"closed","ping_status":"closed","template":"","meta":{"footnotes":""},"class_list":["post-2275","page","type-page","status-publish","hentry"],"_links":{"self":[{"href":"https:\/\/www.iceem.tuiasi.ro\/index.php?rest_route=\/wp\/v2\/pages\/2275"}],"collection":[{"href":"https:\/\/www.iceem.tuiasi.ro\/index.php?rest_route=\/wp\/v2\/pages"}],"about":[{"href":"https:\/\/www.iceem.tuiasi.ro\/index.php?rest_route=\/wp\/v2\/types\/page"}],"author":[{"embeddable":true,"href":"https:\/\/www.iceem.tuiasi.ro\/index.php?rest_route=\/wp\/v2\/users\/3"}],"replies":[{"embeddable":true,"href":"https:\/\/www.iceem.tuiasi.ro\/index.php?rest_route=%2Fwp%2Fv2%2Fcomments&post=2275"}],"version-history":[{"count":2,"href":"https:\/\/www.iceem.tuiasi.ro\/index.php?rest_route=\/wp\/v2\/pages\/2275\/revisions"}],"predecessor-version":[{"id":2279,"href":"https:\/\/www.iceem.tuiasi.ro\/index.php?rest_route=\/wp\/v2\/pages\/2275\/revisions\/2279"}],"up":[{"embeddable":true,"href":"https:\/\/www.iceem.tuiasi.ro\/index.php?rest_route=\/wp\/v2\/pages\/144"}],"wp:attachment":[{"href":"https:\/\/www.iceem.tuiasi.ro\/index.php?rest_route=%2Fwp%2Fv2%2Fmedia&parent=2275"}],"curies":[{"name":"wp","href":"https:\/\/api.w.org\/{rel}","templated":true}]}}